{"id":2,"date":"2023-07-05T10:51:36","date_gmt":"2023-07-05T10:51:36","guid":{"rendered":"http:\/\/mascasaverde.org\/?page_id=2"},"modified":"2023-09-19T13:09:45","modified_gmt":"2023-09-19T13:09:45","slug":"inicio","status":"publish","type":"page","link":"https:\/\/mascasaverde.org\/","title":{"rendered":"Inicio"},"content":{"rendered":"<p>[et_pb_section fb_built=&#8221;1&#8243; fullwidth=&#8221;on&#8221; module_id=&#8221;Home&#8221; _builder_version=&#8221;4.20.4&#8243; _module_preset=&#8221;default&#8221; global_colors_info=&#8221;{}&#8221;][et_pb_fullwidth_slider _builder_version=&#8221;4.20.4&#8243; _module_preset=&#8221;default&#8221; custom_margin=&#8221;0px||||false|false&#8221; custom_padding=&#8221;0px||0px||false|false&#8221; global_colors_info=&#8221;{}&#8221;][et_pb_slide _builder_version=&#8221;4.20.4&#8243; _module_preset=&#8221;default&#8221; background_image=&#8221;http:\/\/mascasaverde.org\/wp-content\/uploads\/2023\/04\/Casa_verde_4.jpg&#8221; background_enable_image=&#8221;on&#8221; global_colors_info=&#8221;{}&#8221; sticky_transition=&#8221;on&#8221;]<\/p>\n<p><img loading=\"lazy\" decoding=\"async\" src=\"http:\/\/mascasaverde.org\/wp-content\/uploads\/2023\/04\/Logo_casaverde_trans2-868x1024.png\" width=\"461\" height=\"544\" alt=\"\" class=\"wp-image-78 alignnone size-large\" \/><\/p>\n<p>&nbsp;<\/p>\n<p>[\/et_pb_slide][\/et_pb_fullwidth_slider][\/et_pb_section][et_pb_section fb_built=&#8221;1&#8243; _builder_version=&#8221;4.20.4&#8243; _module_preset=&#8221;default&#8221; background_color=&#8221;#0fb5c1&#8243; custom_padding=&#8221;59px||48px|||&#8221; global_colors_info=&#8221;{}&#8221;][et_pb_row _builder_version=&#8221;4.20.4&#8243; _module_preset=&#8221;default&#8221; module_alignment=&#8221;center&#8221; min_height=&#8221;42.8px&#8221; global_colors_info=&#8221;{}&#8221;][et_pb_column type=&#8221;4_4&#8243; _builder_version=&#8221;4.20.4&#8243; _module_preset=&#8221;default&#8221; global_colors_info=&#8221;{}&#8221;][et_pb_text _builder_version=&#8221;4.20.4&#8243; _module_preset=&#8221;default&#8221; text_font=&#8221;Amatic SC|700|||||||&#8221; text_text_color=&#8221;#FFFFFF&#8221; text_font_size=&#8221;42px&#8221; text_orientation=&#8221;center&#8221; inline_fonts=&#8221;Amatic SC&#8221; global_colors_info=&#8221;{}&#8221;]<\/p>\n<p>\u00bfQu\u00e9 es \u2018M\u00e1s Casa\u2019?<\/p>\n<p>[\/et_pb_text][et_pb_text _builder_version=&#8221;4.20.4&#8243; _module_preset=&#8221;default&#8221; text_font=&#8221;Josefin Sans|300|||||||&#8221; text_text_color=&#8221;#FFFFFF&#8221; text_font_size=&#8221;22px&#8221; text_orientation=&#8221;center&#8221; inline_fonts=&#8221;Amatic SC&#8221; global_colors_info=&#8221;{}&#8221;]<\/p>\n<p>Es un Proyecto piloto para la sistematizacio\u0301n y medicio\u0301n de la metodologi\u0301a \u201cCasa Verde\u201d.<\/p>\n<p>[\/et_pb_text][\/et_pb_column][\/et_pb_row][\/et_pb_section][et_pb_section fb_built=&#8221;1&#8243; _builder_version=&#8221;4.20.4&#8243; _module_preset=&#8221;default&#8221; custom_padding=&#8221;0px||4px|||&#8221; global_colors_info=&#8221;{}&#8221;][et_pb_row column_structure=&#8221;1_2,1_2&#8243; _builder_version=&#8221;4.20.4&#8243; _module_preset=&#8221;default&#8221; width=&#8221;100%&#8221; max_width=&#8221;2100px&#8221; custom_margin=&#8221;|auto|-7px|auto||&#8221; custom_padding=&#8221;0px||0px|||&#8221; global_colors_info=&#8221;{}&#8221;][et_pb_column type=&#8221;1_2&#8243; _builder_version=&#8221;4.20.4&#8243; _module_preset=&#8221;default&#8221; global_colors_info=&#8221;{}&#8221;][et_pb_text _builder_version=&#8221;4.20.4&#8243; _module_preset=&#8221;default&#8221; text_font=&#8221;Amatic SC|700|||||||&#8221; text_text_color=&#8221;#0fb5c1&#8243; text_font_size=&#8221;42px&#8221; min_height=&#8221;49.8px&#8221; custom_padding=&#8221;70px|||50px|false|false&#8221; inline_fonts=&#8221;Amatic SC&#8221; global_colors_info=&#8221;{}&#8221;]<\/p>\n<p>\u00bfQu\u00e9 es \u2018Casa Verde\u2019?<\/p>\n<p>[\/et_pb_text][et_pb_divider divider_weight=&#8221;3px&#8221; _builder_version=&#8221;4.20.4&#8243; _module_preset=&#8221;default&#8221; width=&#8221;90%&#8221; max_width=&#8221;87%&#8221; module_alignment=&#8221;center&#8221; custom_margin=&#8221;||15px||false|false&#8221; custom_padding=&#8221;||0px||false|false&#8221; global_colors_info=&#8221;{}&#8221;][\/et_pb_divider][et_pb_text _builder_version=&#8221;4.20.4&#8243; _module_preset=&#8221;default&#8221; text_font=&#8221;Josefin Sans|300|||||||&#8221; text_text_color=&#8221;#000000&#8243; text_font_size=&#8221;16px&#8221; custom_padding=&#8221;0px||0px|50px|false|false&#8221; inline_fonts=&#8221;Amatic SC&#8221; global_colors_info=&#8221;{}&#8221;]<\/p>\n<p class=\"p1\">Es un programa de atenci\u00f3n <b>dirigido a madres y padres o mujeres embarazadas con problemas de salud mental o inestabilidad emocional y a sus hijos e hijas entre 0 y 5 a\u00f1os<\/b>, que pretende prevenir posibles alteraciones emocionales y\/o en el desarrollo de los ni\u00f1os.<\/p>\n<p class=\"p1\">Se basa en un conjunto de <b>actuaciones e intervenciones profesionales<\/b> dirigidas a reducir factores de riesgo, desarrollar v\u00ednculos saludables y atender los problemas emocionales y de salud mental de los adultos, as\u00ed como a estimular el desarrollo de los ni\u00f1os y ni\u00f1as.<\/p>\n<p class=\"p1\">Nuestra intervenci\u00f3n produce los apoyos y cambios necesarios para que los padres y madres en las situaciones de riesgo descritas puedan ejercer su maternidad y paternidad en condiciones de igualdad con el resto de la poblaci\u00f3n.<\/p>\n<p class=\"p1\">Casa Verde contribuye a garantizar el derecho de los ni\u00f1os y las ni\u00f1as a crecer en un ambiente de seguridad y cuidado.<\/p>\n<p class=\"p1\">A lo largo de sus 10 a\u00f1os de funcionamiento, los resultados del programa \u2018Casa Verde\u2019 han sido tremendamente positivos, aunque la metodolog\u00eda \u201cCasa Verde\u201d no ha podido ser experimentada sistem\u00e1ticamente, y no ha podido replicarse en distintos lugares para su validaci\u00f3n. Para ello nace el Proyecto \u201cM\u00e1s Casa\u201d.<\/p>\n<p>[\/et_pb_text][\/et_pb_column][et_pb_column type=&#8221;1_2&#8243; _builder_version=&#8221;4.20.4&#8243; _module_preset=&#8221;default&#8221; global_colors_info=&#8221;{}&#8221;][et_pb_image src=&#8221;http:\/\/mascasaverde.org\/wp-content\/uploads\/2023\/04\/Casa_verde_7.jpg&#8221; title_text=&#8221;Casa_verde_7&#8243; align=&#8221;center&#8221; _builder_version=&#8221;4.20.4&#8243; _module_preset=&#8221;default&#8221; module_alignment=&#8221;center&#8221; custom_margin=&#8221;0px||||false|false&#8221; global_colors_info=&#8221;{}&#8221;][\/et_pb_image][\/et_pb_column][\/et_pb_row][\/et_pb_section][et_pb_section fb_built=&#8221;1&#8243; _builder_version=&#8221;4.20.4&#8243; _module_preset=&#8221;default&#8221; background_color=&#8221;#ed6976&#8243; custom_margin=&#8221;3px||||false|false&#8221; global_colors_info=&#8221;{}&#8221;][et_pb_row _builder_version=&#8221;4.20.4&#8243; _module_preset=&#8221;default&#8221; width=&#8221;90%&#8221; max_width=&#8221;2100px&#8221; global_colors_info=&#8221;{}&#8221;][et_pb_column type=&#8221;4_4&#8243; _builder_version=&#8221;4.20.4&#8243; _module_preset=&#8221;default&#8221; global_colors_info=&#8221;{}&#8221;][et_pb_text _builder_version=&#8221;4.20.4&#8243; _module_preset=&#8221;default&#8221; text_font=&#8221;Amatic SC|700|||||||&#8221; text_text_color=&#8221;#FFFFFF&#8221; text_font_size=&#8221;42px&#8221; inline_fonts=&#8221;Amatic SC&#8221; global_colors_info=&#8221;{}&#8221;]<\/p>\n<p>\u00bfQu\u00e9 hace \u2018M\u00e1s Casa\u2019?<\/p>\n<p>[\/et_pb_text][et_pb_text _builder_version=&#8221;4.20.4&#8243; _module_preset=&#8221;default&#8221; text_font=&#8221;Josefin Sans|300|||||||&#8221; text_text_color=&#8221;#FFFFFF&#8221; text_font_size=&#8221;22px&#8221; inline_fonts=&#8221;Amatic SC&#8221; global_colors_info=&#8221;{}&#8221;]<\/p>\n<p class=\"p1\">La propuesta \u201cM\u00e1s Casa\u201d se articula en torno a la metodolog\u00eda usada en \u201cCasa Verde\u201d con el fin de evaluar sus resultados, su impacto y su retorno social.<\/p>\n<p class=\"p1\">Sus objetivos generales son:<\/p>\n<p class=\"p1\"><b>Cambiar el concepto de atenci\u00f3n a personas y familias en riesgo<\/b>, ofreciendo un nuevo marco comparativo a otras entidades y profesionales.<\/p>\n<p class=\"p1\"><b>Contribuir a la modernizaci\u00f3n y mejora de los Servicios Sociales,<\/b> orient\u00e1ndolos a la prevenci\u00f3n y al desarrollo de pol\u00edticas p\u00fablicas eficaces para la atenci\u00f3n a las familias y a la infancia en situaciones de vulnerabilidad.<\/p>\n<p>[\/et_pb_text][\/et_pb_column][\/et_pb_row][\/et_pb_section][et_pb_section fb_built=&#8221;1&#8243; _builder_version=&#8221;4.20.4&#8243; _module_preset=&#8221;default&#8221; background_color=&#8221;rgba(15,181,193,0.13)&#8221; global_colors_info=&#8221;{}&#8221;][et_pb_row _builder_version=&#8221;4.20.4&#8243; _module_preset=&#8221;default&#8221; background_enable_color=&#8221;off&#8221; width=&#8221;90%&#8221; max_width=&#8221;2100px&#8221; global_colors_info=&#8221;{}&#8221;][et_pb_column type=&#8221;4_4&#8243; _builder_version=&#8221;4.20.4&#8243; _module_preset=&#8221;default&#8221; global_colors_info=&#8221;{}&#8221;][et_pb_text module_id=&#8221;Blog&#8221; _builder_version=&#8221;4.20.4&#8243; _module_preset=&#8221;default&#8221; text_font=&#8221;Amatic SC|700|||||||&#8221; text_text_color=&#8221;#ed6976&#8243; text_font_size=&#8221;42px&#8221; min_height=&#8221;40.8px&#8221; inline_fonts=&#8221;Amatic SC&#8221; global_colors_info=&#8221;{}&#8221;]<\/p>\n<p>Noticias<\/p>\n<p>[\/et_pb_text][et_pb_blog fullwidth=&#8221;off&#8221; show_author=&#8221;off&#8221; show_date=&#8221;off&#8221; show_categories=&#8221;off&#8221; show_pagination=&#8221;off&#8221; admin_label=&#8221;Noticias&#8221; _builder_version=&#8221;4.20.4&#8243; _module_preset=&#8221;default&#8221; header_font=&#8221;Amatic SC|700|||||||&#8221; header_text_color=&#8221;#0fb5c1&#8243; header_font_size=&#8221;24px&#8221; body_font=&#8221;Abel||||||||&#8221; body_font_size=&#8221;16px&#8221; read_more_text_color=&#8221;#E02B20&#8243; background_color=&#8221;RGBA(255,255,255,0)&#8221; animation_style=&#8221;fade&#8221; border_width_all=&#8221;0px&#8221; border_style_all=&#8221;double&#8221; global_colors_info=&#8221;{}&#8221;][\/et_pb_blog][\/et_pb_column][\/et_pb_row][\/et_pb_section]<\/p>\n","protected":false},"excerpt":{"rendered":"<p>&nbsp;\u00bfQu\u00e9 es \u2018M\u00e1s Casa\u2019?Es un Proyecto piloto para la sistematizacio\u0301n y medicio\u0301n de la metodologi\u0301a \u201cCasa Verde\u201d.\u00bfQu\u00e9 es \u2018Casa Verde\u2019?Es un programa de atenci\u00f3n dirigido a madres y padres o mujeres embarazadas con problemas de salud mental o inestabilidad emocional y a sus hijos e hijas entre 0 y 5 a\u00f1os, que pretende prevenir posibles [&hellip;]<\/p>\n","protected":false},"author":1,"featured_media":0,"parent":0,"menu_order":0,"comment_status":"closed","ping_status":"closed","template":"","meta":{"_et_pb_use_builder":"on","_et_pb_old_content":"<!-- wp:paragraph -->\r\n<p>Esta es una p\u00e1gina de ejemplo. Es diferente a una entrada del blog porque permanecer\u00e1 en un solo lugar y aparecer\u00e1 en la navegaci\u00f3n de tu sitio (en la mayor\u00eda de los temas). La mayor\u00eda de las personas comienzan con una p\u00e1gina \u00abAcerca de\u00bb que les presenta a los visitantes potenciales del sitio. Podr\u00edas decir algo as\u00ed:<\/p>\r\n<!-- \/wp:paragraph --><!-- wp:quote -->\r\n<blockquote class=\"wp-block-quote\">\r\n<p>\u00a1Bienvenido! Soy camarero de d\u00eda, aspirante a actor de noche y esta es mi web. Vivo en Mairena del Alcor, tengo un perro que se llama Firulais y me gusta el rebujito. (Y las tardes largas con caf\u00e9).<\/p>\r\n<\/blockquote>\r\n<!-- \/wp:quote --><!-- wp:paragraph -->\r\n<p>\u2026o algo as\u00ed:<\/p>\r\n<!-- \/wp:paragraph --><!-- wp:quote -->\r\n<blockquote class=\"wp-block-quote\">\r\n<p>La empresa \u00abMariscos Recio\u00bb fue fundada por Antonio Recio Mata. Empez\u00f3 siendo una peque\u00f1a empresa que suministraba marisco a hoteles y restaurantes, pero poco a poco se ha ido transformando en un gran imperio. Mariscos Recio, el mar al mejor precio.<\/p>\r\n<\/blockquote>\r\n<!-- \/wp:quote --><!-- wp:paragraph -->\r\n<p>Como nuevo usuario de WordPress, deber\u00edas ir a <a href=\"http:\/\/mascasaverde.org\/wp-admin\/\">tu escritorio<\/a> para borrar esta p\u00e1gina y crear nuevas p\u00e1ginas para tu contenido. \u00a1P\u00e1salo bien!<\/p>\r\n<!-- \/wp:paragraph -->","_et_gb_content_width":"","footnotes":""},"class_list":["post-2","page","type-page","status-publish","hentry"],"yoast_head":"<!-- This site is optimized with the Yoast SEO plugin v20.6 - https:\/\/yoast.com\/wordpress\/plugins\/seo\/ -->\n<title>Inicio - Mas Casa Verde<\/title>\n<meta name=\"robots\" content=\"index, follow, max-snippet:-1, max-image-preview:large, max-video-preview:-1\" \/>\n<link rel=\"canonical\" href=\"https:\/\/mascasaverde.org\/\" \/>\n<meta property=\"og:locale\" content=\"en_US\" \/>\n<meta property=\"og:type\" content=\"article\" \/>\n<meta property=\"og:title\" content=\"Inicio - Mas Casa Verde\" \/>\n<meta property=\"og:description\" content=\"&nbsp;\u00bfQu\u00e9 es \u2018M\u00e1s Casa\u2019?Es un Proyecto piloto para la sistematizacio\u0301n y medicio\u0301n de la metodologi\u0301a \u201cCasa Verde\u201d.\u00bfQu\u00e9 es \u2018Casa Verde\u2019?Es un programa de atenci\u00f3n dirigido a madres y padres o mujeres embarazadas con problemas de salud mental o inestabilidad emocional y a sus hijos e hijas entre 0 y 5 a\u00f1os, que pretende prevenir posibles [&hellip;]\" \/>\n<meta property=\"og:url\" content=\"https:\/\/mascasaverde.org\/\" \/>\n<meta property=\"og:site_name\" content=\"Mas Casa Verde\" \/>\n<meta property=\"article:modified_time\" content=\"2023-09-19T13:09:45+00:00\" \/>\n<meta property=\"og:image\" content=\"http:\/\/mascasaverde.org\/wp-content\/uploads\/2023\/04\/Logo_casaverde_trans2-868x1024.png\" \/>\n<meta name=\"twitter:card\" content=\"summary_large_image\" \/>\n<meta name=\"twitter:label1\" content=\"Est. reading time\" \/>\n\t<meta name=\"twitter:data1\" content=\"3 minutes\" \/>\n<script type=\"application\/ld+json\" class=\"yoast-schema-graph\">{\"@context\":\"https:\/\/schema.org\",\"@graph\":[{\"@type\":\"WebPage\",\"@id\":\"https:\/\/mascasaverde.org\/\",\"url\":\"https:\/\/mascasaverde.org\/\",\"name\":\"Inicio - Mas Casa Verde\",\"isPartOf\":{\"@id\":\"https:\/\/mascasaverde.org\/#website\"},\"datePublished\":\"2023-07-05T10:51:36+00:00\",\"dateModified\":\"2023-09-19T13:09:45+00:00\",\"breadcrumb\":{\"@id\":\"https:\/\/mascasaverde.org\/#breadcrumb\"},\"inLanguage\":\"en-US\",\"potentialAction\":[{\"@type\":\"ReadAction\",\"target\":[\"https:\/\/mascasaverde.org\/\"]}]},{\"@type\":\"BreadcrumbList\",\"@id\":\"https:\/\/mascasaverde.org\/#breadcrumb\",\"itemListElement\":[{\"@type\":\"ListItem\",\"position\":1,\"name\":\"Portada\",\"item\":\"https:\/\/mascasaverde.org\/\"},{\"@type\":\"ListItem\",\"position\":2,\"name\":\"Inicio\"}]},{\"@type\":\"WebSite\",\"@id\":\"https:\/\/mascasaverde.org\/#website\",\"url\":\"https:\/\/mascasaverde.org\/\",\"name\":\"Mas Casa Verde\",\"description\":\"Un proyecto de Fundaci\u00f3n Manantial\",\"potentialAction\":[{\"@type\":\"SearchAction\",\"target\":{\"@type\":\"EntryPoint\",\"urlTemplate\":\"https:\/\/mascasaverde.org\/?s={search_term_string}\"},\"query-input\":\"required name=search_term_string\"}],\"inLanguage\":\"en-US\"}]}<\/script>\n<!-- \/ Yoast SEO plugin. -->","yoast_head_json":{"title":"Inicio - Mas Casa Verde","robots":{"index":"index","follow":"follow","max-snippet":"max-snippet:-1","max-image-preview":"max-image-preview:large","max-video-preview":"max-video-preview:-1"},"canonical":"https:\/\/mascasaverde.org\/","og_locale":"en_US","og_type":"article","og_title":"Inicio - Mas Casa Verde","og_description":"&nbsp;\u00bfQu\u00e9 es \u2018M\u00e1s Casa\u2019?Es un Proyecto piloto para la sistematizacio\u0301n y medicio\u0301n de la metodologi\u0301a \u201cCasa Verde\u201d.\u00bfQu\u00e9 es \u2018Casa Verde\u2019?Es un programa de atenci\u00f3n dirigido a madres y padres o mujeres embarazadas con problemas de salud mental o inestabilidad emocional y a sus hijos e hijas entre 0 y 5 a\u00f1os, que pretende prevenir posibles [&hellip;]","og_url":"https:\/\/mascasaverde.org\/","og_site_name":"Mas Casa Verde","article_modified_time":"2023-09-19T13:09:45+00:00","og_image":[{"url":"http:\/\/mascasaverde.org\/wp-content\/uploads\/2023\/04\/Logo_casaverde_trans2-868x1024.png"}],"twitter_card":"summary_large_image","twitter_misc":{"Est. reading time":"3 minutes"},"schema":{"@context":"https:\/\/schema.org","@graph":[{"@type":"WebPage","@id":"https:\/\/mascasaverde.org\/","url":"https:\/\/mascasaverde.org\/","name":"Inicio - Mas Casa Verde","isPartOf":{"@id":"https:\/\/mascasaverde.org\/#website"},"datePublished":"2023-07-05T10:51:36+00:00","dateModified":"2023-09-19T13:09:45+00:00","breadcrumb":{"@id":"https:\/\/mascasaverde.org\/#breadcrumb"},"inLanguage":"en-US","potentialAction":[{"@type":"ReadAction","target":["https:\/\/mascasaverde.org\/"]}]},{"@type":"BreadcrumbList","@id":"https:\/\/mascasaverde.org\/#breadcrumb","itemListElement":[{"@type":"ListItem","position":1,"name":"Portada","item":"https:\/\/mascasaverde.org\/"},{"@type":"ListItem","position":2,"name":"Inicio"}]},{"@type":"WebSite","@id":"https:\/\/mascasaverde.org\/#website","url":"https:\/\/mascasaverde.org\/","name":"Mas Casa Verde","description":"Un proyecto de Fundaci\u00f3n Manantial","potentialAction":[{"@type":"SearchAction","target":{"@type":"EntryPoint","urlTemplate":"https:\/\/mascasaverde.org\/?s={search_term_string}"},"query-input":"required name=search_term_string"}],"inLanguage":"en-US"}]}},"_links":{"self":[{"href":"https:\/\/mascasaverde.org\/index.php\/wp-json\/wp\/v2\/pages\/2","targetHints":{"allow":["GET"]}}],"collection":[{"href":"https:\/\/mascasaverde.org\/index.php\/wp-json\/wp\/v2\/pages"}],"about":[{"href":"https:\/\/mascasaverde.org\/index.php\/wp-json\/wp\/v2\/types\/page"}],"author":[{"embeddable":true,"href":"https:\/\/mascasaverde.org\/index.php\/wp-json\/wp\/v2\/users\/1"}],"replies":[{"embeddable":true,"href":"https:\/\/mascasaverde.org\/index.php\/wp-json\/wp\/v2\/comments?post=2"}],"version-history":[{"count":23,"href":"https:\/\/mascasaverde.org\/index.php\/wp-json\/wp\/v2\/pages\/2\/revisions"}],"predecessor-version":[{"id":110,"href":"https:\/\/mascasaverde.org\/index.php\/wp-json\/wp\/v2\/pages\/2\/revisions\/110"}],"wp:attachment":[{"href":"https:\/\/mascasaverde.org\/index.php\/wp-json\/wp\/v2\/media?parent=2"}],"curies":[{"name":"wp","href":"https:\/\/api.w.org\/{rel}","templated":true}]}}